{"id":12,"date":"2014-05-05T11:16:50","date_gmt":"2014-05-05T09:16:50","guid":{"rendered":"http:\/\/matthiasloewe.de\/?page_id=12"},"modified":"2022-12-17T10:18:10","modified_gmt":"2022-12-17T09:18:10","slug":"ueber-matthias-loewe","status":"publish","type":"page","link":"https:\/\/matthiasloewe.de\/?page_id=12","title":{"rendered":"\u00fcber mich"},"content":{"rendered":"<p>Als freier Projektmanager und Event-Producer arbeite ich seit 2002 f\u00fcr Unternehmen und Agenturen im Bereich Brand Experience. Schwerpunkte sind hierbei Beratung, Konzeption, Planung und Umsetzung von Kommunikations-Projekten im Raum, mit dem Fokus auf Inszenierungen und tempor\u00e4ren Raumgestaltungen.<\/p>\n<p>Je nach Aufgabenpaket nehme ich dabei die unterschiedlichen Funktionen in den jeweiligen Projekten war. Die Funktion des Event Producers sehe ich dabei als \u00fcbergreifende Position, bei der die F\u00e4den aus Kreation, Projektmanagement, Produktion und den Gewerken zusammen laufen und mit den Zielen der Kunden abgeglichen werden.<\/p>\n<p>Erfahrungen in der Projektsteuerung sammelte ich u.a. w\u00e4hrend meiner 5-j\u00e4hrigen T\u00e4tigkeit als Aufnahmeleiter f\u00fcr diverse Filmproduktionen in den Jahren von 1997 bis 2002. Film- und Fernsehproduktionen sind mir im Zeitalter der digitalen Umsetzung von Events also ein vertrautes Arbeitsumfeld.<\/p>\n<p>Meine kaufm\u00e4nnische Basis erlernte ich zuvor in einer Ausbildung zum Bankkaufmann.<\/p>\n<p>Kompromisslose Projektorientierung und Transparenz sind die Basis meiner Arbeit. Gemeinsam werden Konzepte zur Erreichung der gesetzten Ziele erarbeitet und effizient umgesetzt.<\/p>\n","protected":false},"excerpt":{"rendered":"<p>Als freier Projektmanager und Event-Producer arbeite ich seit 2002 f\u00fcr Unternehmen und Agenturen im Bereich Brand Experience. Schwerpunkte sind hierbei Beratung, Konzeption, Planung und Umsetzung von Kommunikations-Projekten im Raum, mit dem Fokus auf Inszenierungen und &hellip;<\/p>\n","protected":false},"author":1,"featured_media":331,"parent":0,"menu_order":1,"comment_status":"closed","ping_status":"closed","template":"","meta":{"footnotes":""},"class_list":["post-12","page","type-page","status-publish","has-post-thumbnail","hentry"],"_links":{"self":[{"href":"https:\/\/matthiasloewe.de\/index.php?rest_route=\/wp\/v2\/pages\/12","targetHints":{"allow":["GET"]}}],"collection":[{"href":"https:\/\/matthiasloewe.de\/index.php?rest_route=\/wp\/v2\/pages"}],"about":[{"href":"https:\/\/matthiasloewe.de\/index.php?rest_route=\/wp\/v2\/types\/page"}],"author":[{"embeddable":true,"href":"https:\/\/matthiasloewe.de\/index.php?rest_route=\/wp\/v2\/users\/1"}],"replies":[{"embeddable":true,"href":"https:\/\/matthiasloewe.de\/index.php?rest_route=%2Fwp%2Fv2%2Fcomments&post=12"}],"version-history":[{"count":8,"href":"https:\/\/matthiasloewe.de\/index.php?rest_route=\/wp\/v2\/pages\/12\/revisions"}],"predecessor-version":[{"id":390,"href":"https:\/\/matthiasloewe.de\/index.php?rest_route=\/wp\/v2\/pages\/12\/revisions\/390"}],"wp:featuredmedia":[{"embeddable":true,"href":"https:\/\/matthiasloewe.de\/index.php?rest_route=\/wp\/v2\/media\/331"}],"wp:attachment":[{"href":"https:\/\/matthiasloewe.de\/index.php?rest_route=%2Fwp%2Fv2%2Fmedia&parent=12"}],"curies":[{"name":"wp","href":"https:\/\/api.w.org\/{rel}","templated":true}]}}